{"id":142,"date":"2020-06-18T10:35:23","date_gmt":"2020-06-18T15:35:23","guid":{"rendered":"https:\/\/live-somos-de-wichita.pantheonsite.io\/?page_id=142"},"modified":"2020-07-22T16:43:50","modified_gmt":"2020-07-22T21:43:50","slug":"early-migration","status":"publish","type":"page","link":"https:\/\/somos.wichita.edu\/es\/early-migration\/","title":{"rendered":"Primeras migraciones"},"content":{"rendered":"<h2 class=\"wp-block-heading\" id=\"headline-5-142\">De M\u00e9xico a Kansas<\/h2>\n\n\n\n<p>En las primeras d\u00e9cadas del siglo XX, grupos de trabajadores mexicanos llegaron a Kansas a trabajar para el ferrocarril. Algunos vinieron directamente de M\u00e9xico buscando oportunidades econ\u00f3micas o para escapar del descontrol causado por la Revoluci\u00f3n mexicana. Otros vinieron de estados vecinos en los Estados Unidos. Inicialmente, las compa\u00f1\u00edas contrataron a trabajadores temporales que esperaban regresar a M\u00e9xico. Sin embargo, hacia la d\u00e9cada de 1910, estos hombres y sus familias empezaron a asentarse, formando barrios cerca de las v\u00edas del tren. El primer barrio en Wichita surgi\u00f3 cerca de la calle Kellogg entre trabajadores que hab\u00edan ayudado a construir Union Station. M\u00e1s tarde, los trabajadores mexicanos encontraron trabajos en las plantas empacadoras de carne de Wichita, en las calles Broadway y 21.<\/p>","protected":false},"excerpt":{"rendered":"<p>From Mexico to Kansas In the early decades of the twentieth century, groups of Mexican workers arrived in Kansas to work for the railroad. Some came directly from Mexico for economic opportunities or to escape the turmoil of the Mexican Revolution. Others came from neighboring states in the U.S. Initially, companies hired seasonal workers who [&hellip;]<\/p>\n","protected":false},"author":4,"featured_media":398,"parent":0,"menu_order":0,"comment_status":"closed","ping_status":"closed","template":"","meta":{"_acf_changed":false,"inline_featured_image":false,"footnotes":""},"class_list":["post-142","page","type-page","status-publish","has-post-thumbnail","hentry"],"acf":[],"_links":{"self":[{"href":"https:\/\/somos.wichita.edu\/es\/wp-json\/wp\/v2\/pages\/142","targetHints":{"allow":["GET"]}}],"collection":[{"href":"https:\/\/somos.wichita.edu\/es\/wp-json\/wp\/v2\/pages"}],"about":[{"href":"https:\/\/somos.wichita.edu\/es\/wp-json\/wp\/v2\/types\/page"}],"author":[{"embeddable":true,"href":"https:\/\/somos.wichita.edu\/es\/wp-json\/wp\/v2\/users\/4"}],"replies":[{"embeddable":true,"href":"https:\/\/somos.wichita.edu\/es\/wp-json\/wp\/v2\/comments?post=142"}],"version-history":[{"count":2,"href":"https:\/\/somos.wichita.edu\/es\/wp-json\/wp\/v2\/pages\/142\/revisions"}],"predecessor-version":[{"id":354,"href":"https:\/\/somos.wichita.edu\/es\/wp-json\/wp\/v2\/pages\/142\/revisions\/354"}],"wp:featuredmedia":[{"embeddable":true,"href":"https:\/\/somos.wichita.edu\/es\/wp-json\/wp\/v2\/media\/398"}],"wp:attachment":[{"href":"https:\/\/somos.wichita.edu\/es\/wp-json\/wp\/v2\/media?parent=142"}],"curies":[{"name":"wp","href":"https:\/\/api.w.org\/{rel}","templated":true}]}}