{"id":146,"date":"2020-06-18T10:35:52","date_gmt":"2020-06-18T15:35:52","guid":{"rendered":"https:\/\/live-somos-de-wichita.pantheonsite.io\/?page_id=146"},"modified":"2020-08-01T21:47:42","modified_gmt":"2020-08-02T02:47:42","slug":"separate-and-together","status":"publish","type":"page","link":"https:\/\/somos.wichita.edu\/es\/separate-and-together\/","title":{"rendered":"Separados y juntos"},"content":{"rendered":"<p class=\"translation-block\">La poblaci\u00f3n mexicoamericana aument\u00f3 tanto por la inmigraci\u00f3n como por el crecimiento de las familias. Aparecieron los barrios. Entre ellos estaban \u201cEl Huarache\u201d (la sandalia), ubicado a lo largo de la calle Mosley, con \u201cEl Rock Island\u201d al norte, y \u201cLa Topeka\u201d, al oeste de la avenida Topeka. Estas eran \u00e1reas modestas situadas entre las v\u00edas del tren, los elevadores de granos, los corrales y las pestilentes empacadoras de carne. Sin embargo, estos lugares tambi\u00e9n ofrecieron algunas buenas oportunidades. Las comunidades que viv\u00edan all\u00ed se mantuvieron a menudo apartadas y formaron instituciones para apoyarse unos a los otros, desde mutualidades (sociedades de ayuda mutua) hasta clubes deportivos. Las instituciones religiosas, como Nuestra Se\u00f1ora del Perpetuo Socorro y la Iglesia Bautista Mexicana fueron centros comunitarios.<\/p>","protected":false},"excerpt":{"rendered":"<p>The Mexican American population grew because of both migration and the growth of families. Barrios or neighborhoods developed. Among them were El Huarache (the sandal), located along Mosley with El Rock Island to the north, and La Topeka, to the west on Topeka Avenue. These were modest areas among the railroad tracks, grain elevators, stock [&hellip;]<\/p>\n","protected":false},"author":4,"featured_media":774,"parent":0,"menu_order":0,"comment_status":"closed","ping_status":"closed","template":"","meta":{"_acf_changed":false,"inline_featured_image":false,"footnotes":""},"class_list":["post-146","page","type-page","status-publish","has-post-thumbnail","hentry"],"acf":[],"_links":{"self":[{"href":"https:\/\/somos.wichita.edu\/es\/wp-json\/wp\/v2\/pages\/146","targetHints":{"allow":["GET"]}}],"collection":[{"href":"https:\/\/somos.wichita.edu\/es\/wp-json\/wp\/v2\/pages"}],"about":[{"href":"https:\/\/somos.wichita.edu\/es\/wp-json\/wp\/v2\/types\/page"}],"author":[{"embeddable":true,"href":"https:\/\/somos.wichita.edu\/es\/wp-json\/wp\/v2\/users\/4"}],"replies":[{"embeddable":true,"href":"https:\/\/somos.wichita.edu\/es\/wp-json\/wp\/v2\/comments?post=146"}],"version-history":[{"count":2,"href":"https:\/\/somos.wichita.edu\/es\/wp-json\/wp\/v2\/pages\/146\/revisions"}],"predecessor-version":[{"id":300,"href":"https:\/\/somos.wichita.edu\/es\/wp-json\/wp\/v2\/pages\/146\/revisions\/300"}],"wp:featuredmedia":[{"embeddable":true,"href":"https:\/\/somos.wichita.edu\/es\/wp-json\/wp\/v2\/media\/774"}],"wp:attachment":[{"href":"https:\/\/somos.wichita.edu\/es\/wp-json\/wp\/v2\/media?parent=146"}],"curies":[{"name":"wp","href":"https:\/\/api.w.org\/{rel}","templated":true}]}}