{"id":154,"date":"2020-06-18T10:36:59","date_gmt":"2020-06-18T15:36:59","guid":{"rendered":"https:\/\/live-somos-de-wichita.pantheonsite.io\/?page_id=154"},"modified":"2020-07-30T00:08:27","modified_gmt":"2020-07-30T05:08:27","slug":"join-or-challenge","status":"publish","type":"page","link":"https:\/\/somos.wichita.edu\/es\/join-or-challenge\/","title":{"rendered":"\u00bfUnirse al sistema o desafiarlo?"},"content":{"rendered":"<p class=\"translation-block\">Los latinos sufrieron el racismo y la discriminaci\u00f3n en todo el pa\u00eds. La segregaci\u00f3n fue una pr\u00e1ctica com\u00fan en las escuelas p\u00fablicas hasta que el fallo Brown contra el Consejo de Educaci\u00f3n de Topeka lo declar\u00f3 inconstitucional en 1954. Sin embargo, a los mexicanos y mexicoamericanos se les impidi\u00f3 el uso de piscinas p\u00fablicas y se los segreg\u00f3 en los cines. Las personas experimentaron acoso por el mero hecho de hablar espa\u00f1ol. En las d\u00e9cadas de 1960 y 1970, los activistas de derechos civiles lucharon por los derechos de los trabajadores agr\u00edcolas, la restituci\u00f3n de tierras, la protecci\u00f3n de los votantes minoritarios en las urnas y la justicia social. En Wichita, un grupo de latinos desafiaron la marginaci\u00f3n que las minor\u00edas soportaban en la ciudad. Algunas de las generaciones m\u00e1s j\u00f3venes se unieron a las protestas de El movimiento chicano, el cual interioriz\u00f3 y celebr\u00f3 una identidad mexicana y latina. Para otros, sin embargo, el objetivo principal fue trabajar dentro del sistema. Para ello, se incorporaron a diversas organizaciones y se postularon para cargos p\u00fablicos.<\/p>","protected":false},"excerpt":{"rendered":"<p>Latinos were subject to racism and discrimination nationwide. Segregation was common practice in public school systems until the Brown vs Board of Education of Topeka ruling declared it unconstitutional in 1954. Still, Mexicans and Mexican Americans continued to be barred from using public pools and were segregated in theaters. People experienced harassment just for speaking [&hellip;]<\/p>\n","protected":false},"author":4,"featured_media":808,"parent":0,"menu_order":0,"comment_status":"closed","ping_status":"closed","template":"","meta":{"_acf_changed":false,"inline_featured_image":false,"footnotes":""},"class_list":["post-154","page","type-page","status-publish","has-post-thumbnail","hentry"],"acf":[],"_links":{"self":[{"href":"https:\/\/somos.wichita.edu\/es\/wp-json\/wp\/v2\/pages\/154","targetHints":{"allow":["GET"]}}],"collection":[{"href":"https:\/\/somos.wichita.edu\/es\/wp-json\/wp\/v2\/pages"}],"about":[{"href":"https:\/\/somos.wichita.edu\/es\/wp-json\/wp\/v2\/types\/page"}],"author":[{"embeddable":true,"href":"https:\/\/somos.wichita.edu\/es\/wp-json\/wp\/v2\/users\/4"}],"replies":[{"embeddable":true,"href":"https:\/\/somos.wichita.edu\/es\/wp-json\/wp\/v2\/comments?post=154"}],"version-history":[{"count":2,"href":"https:\/\/somos.wichita.edu\/es\/wp-json\/wp\/v2\/pages\/154\/revisions"}],"predecessor-version":[{"id":318,"href":"https:\/\/somos.wichita.edu\/es\/wp-json\/wp\/v2\/pages\/154\/revisions\/318"}],"wp:featuredmedia":[{"embeddable":true,"href":"https:\/\/somos.wichita.edu\/es\/wp-json\/wp\/v2\/media\/808"}],"wp:attachment":[{"href":"https:\/\/somos.wichita.edu\/es\/wp-json\/wp\/v2\/media?parent=154"}],"curies":[{"name":"wp","href":"https:\/\/api.w.org\/{rel}","templated":true}]}}