{"id":158,"date":"2020-06-18T10:38:17","date_gmt":"2020-06-18T15:38:17","guid":{"rendered":"https:\/\/live-somos-de-wichita.pantheonsite.io\/?page_id=158"},"modified":"2020-07-20T19:04:07","modified_gmt":"2020-07-21T00:04:07","slug":"wichitanos","status":"publish","type":"page","link":"https:\/\/somos.wichita.edu\/es\/wichitanos\/","title":{"rendered":"Hispanos, mexicanos, chicanos, wichitanos"},"content":{"rendered":"<p>La d\u00e9cada de 1970 fue una \u00e9poca de transici\u00f3n. Las industrias de ferrocarriles y empacadoras de carne que atrajeron a las primeras oleadas de mexicoamericanos a Wichita estaban cambiando. La aparici\u00f3n de nuevas empacadoras en el suroeste de Kansas produjo que lugares como Cudahy y Dold redujeran su actividad o cerraran por completo. Las tiendas e instituciones que apoyaban a las familias trabajadoras del North End tambi\u00e9n cerraron. Mientras tanto, una nueva ola de inmigrantes de M\u00e9xico y Am\u00e9rica Latina desafiaron a las familias hispanas m\u00e1s antiguas de la ciudad.<\/p>","protected":false},"excerpt":{"rendered":"<p>The 1970s were a time of transition. The railroads and meatpacking industries that drew the first waves of Mexican Americans to Wichita were changing. New packing houses in southwestern Kansas meant that places like Cudahy and Dold scaled back or closed altogether. The stores and institutions that supported the North End\u2019s working families closed as [&hellip;]<\/p>\n","protected":false},"author":4,"featured_media":326,"parent":0,"menu_order":0,"comment_status":"closed","ping_status":"closed","template":"","meta":{"_acf_changed":false,"inline_featured_image":false,"footnotes":""},"class_list":["post-158","page","type-page","status-publish","has-post-thumbnail","hentry"],"acf":[],"_links":{"self":[{"href":"https:\/\/somos.wichita.edu\/es\/wp-json\/wp\/v2\/pages\/158","targetHints":{"allow":["GET"]}}],"collection":[{"href":"https:\/\/somos.wichita.edu\/es\/wp-json\/wp\/v2\/pages"}],"about":[{"href":"https:\/\/somos.wichita.edu\/es\/wp-json\/wp\/v2\/types\/page"}],"author":[{"embeddable":true,"href":"https:\/\/somos.wichita.edu\/es\/wp-json\/wp\/v2\/users\/4"}],"replies":[{"embeddable":true,"href":"https:\/\/somos.wichita.edu\/es\/wp-json\/wp\/v2\/comments?post=158"}],"version-history":[{"count":2,"href":"https:\/\/somos.wichita.edu\/es\/wp-json\/wp\/v2\/pages\/158\/revisions"}],"predecessor-version":[{"id":794,"href":"https:\/\/somos.wichita.edu\/es\/wp-json\/wp\/v2\/pages\/158\/revisions\/794"}],"wp:featuredmedia":[{"embeddable":true,"href":"https:\/\/somos.wichita.edu\/es\/wp-json\/wp\/v2\/media\/326"}],"wp:attachment":[{"href":"https:\/\/somos.wichita.edu\/es\/wp-json\/wp\/v2\/media?parent=158"}],"curies":[{"name":"wp","href":"https:\/\/api.w.org\/{rel}","templated":true}]}}