{"id":664,"date":"2020-06-29T14:59:24","date_gmt":"2020-06-29T19:59:24","guid":{"rendered":"https:\/\/live-somos-de-wichita.pantheonsite.io\/?page_id=664"},"modified":"2020-07-29T23:36:07","modified_gmt":"2020-07-30T04:36:07","slug":"conclusion","status":"publish","type":"page","link":"https:\/\/somos.wichita.edu\/es\/conclusion\/","title":{"rendered":"Conclusi\u00f3n"},"content":{"rendered":"<p>Los inmigrantes y sus familias eligen c\u00f3mo adaptarse a su nuevo hogar. Algunas familias aceptaron a los reci\u00e9n llegados. Otros celebraron sus pr\u00e1cticas culturales tradicionales y, al hacerlo, pusieron en entredicho d\u00e9cadas de intentos de asimilaci\u00f3n.&nbsp;<\/p>\n\n\n\n<p>\u00bfQu\u00e9 piensas? \u00bfCu\u00e1les fueron los beneficios de estas actitudes? \u00bfCu\u00e1les fueron los costos? \u00bfC\u00f3mo hubieras hecho las cosas de otra manera si hubieras estado en su lugar?<\/p>\n\n\n\n<p>Aproveche este momento para reflexionar sobre su propia historia. Si es un migrante, \u00bfqu\u00e9 criterio ha tenido a la hora de adaptarse a su nueva vida? Si los miembros de su familia fueron los que emigraron, \u00bfqu\u00e9 historias han contado sobre c\u00f3mo se adaptaron a sus nuevos hogares? \u00bfC\u00f3mo se refleja o se diferencia la historia de ellos con las presentadas aqu\u00ed?<\/p>\n\n\n\n<h2 class=\"wp-block-heading\">Cr\u00e9ditos<\/h2>\n\n\n\n<figure class=\"wp-block-image size-large\"><img loading=\"lazy\" decoding=\"async\" width=\"1024\" height=\"402\" src=\"https:\/\/live-somos-de-wichita.pantheonsite.io\/wp-content\/uploads\/2020\/06\/Humanities-Kansas-1024x402.png\" alt=\"Humanities Kansas logo\" class=\"wp-image-454\" srcset=\"https:\/\/somos.wichita.edu\/wp-content\/uploads\/2020\/06\/Humanities-Kansas-1024x402.png 1024w, https:\/\/somos.wichita.edu\/wp-content\/uploads\/2020\/06\/Humanities-Kansas-300x118.png 300w, https:\/\/somos.wichita.edu\/wp-content\/uploads\/2020\/06\/Humanities-Kansas-768x302.png 768w, https:\/\/somos.wichita.edu\/wp-content\/uploads\/2020\/06\/Humanities-Kansas.png 1504w\" sizes=\"auto, (max-width: 1024px) 100vw, 1024px\" \/><\/figure>\n\n\n\n<p>Esta exposici\u00f3n ha sido realizada gracias una beca de Kansas Humanities, y fue desarrollada por profesores y estudiantes de Wichita State University, especialmente de los departamentos de Lenguas Modernas y Cl\u00e1sicas e Historia, as\u00ed como tambi\u00e9n del Departamento de Colecciones Especiales de la biblioteca de la universidad. Componen el equipo<\/p>\n\n\n\n<ul class=\"wp-block-list\"><li>Dr. Enrique Navarro<\/li><li>Dr. Jay M. Price<\/li><li>Valeria Adame<\/li><li>Carolina Loerza<\/li><li>Joshua Mackey<\/li><li>Brooke Talbott<\/li><li>Anita Mendoza - Asesora<\/li><li>Mike Marlett, WSU Media Resources<\/li><\/ul>\n\n\n\n<p>El equipo quiere dar las gracias a todos los que donaron fotograf\u00edas, nos contaron sus historias y apoyaron el proyecto. Deseamos expresar nuestro agradecimiento especial al Departament of Special Collections de Wichita State University y al Wichita-Sedgwick County Historical Museum por los materiales y fotograf\u00edas cedidas.<\/p>\n\n\n\n<p>Otro agradecimiento especial a David Mendoza, por la construcci\u00f3n de los marcos, as\u00ed como  al servicio de reprograf\u00eda (Duplication Station) de la universidad de Wichita, por su labor.<\/p>","protected":false},"excerpt":{"rendered":"<p>Immigrants and their families to choose how to adapt to their new home. Some families&nbsp; embraced the current arrivals. Others celebrated their traditional cultural practices and in so doing, called into question decades of attempts to assimilate.&nbsp; What do you think?&nbsp; What were the benefits of these approaches? What were the costs? How would you [&hellip;]<\/p>\n","protected":false},"author":4,"featured_media":0,"parent":0,"menu_order":0,"comment_status":"closed","ping_status":"closed","template":"","meta":{"_acf_changed":false,"inline_featured_image":false,"footnotes":""},"class_list":["post-664","page","type-page","status-publish","hentry"],"acf":[],"_links":{"self":[{"href":"https:\/\/somos.wichita.edu\/es\/wp-json\/wp\/v2\/pages\/664","targetHints":{"allow":["GET"]}}],"collection":[{"href":"https:\/\/somos.wichita.edu\/es\/wp-json\/wp\/v2\/pages"}],"about":[{"href":"https:\/\/somos.wichita.edu\/es\/wp-json\/wp\/v2\/types\/page"}],"author":[{"embeddable":true,"href":"https:\/\/somos.wichita.edu\/es\/wp-json\/wp\/v2\/users\/4"}],"replies":[{"embeddable":true,"href":"https:\/\/somos.wichita.edu\/es\/wp-json\/wp\/v2\/comments?post=664"}],"version-history":[{"count":2,"href":"https:\/\/somos.wichita.edu\/es\/wp-json\/wp\/v2\/pages\/664\/revisions"}],"predecessor-version":[{"id":864,"href":"https:\/\/somos.wichita.edu\/es\/wp-json\/wp\/v2\/pages\/664\/revisions\/864"}],"wp:attachment":[{"href":"https:\/\/somos.wichita.edu\/es\/wp-json\/wp\/v2\/media?parent=664"}],"curies":[{"name":"wp","href":"https:\/\/api.w.org\/{rel}","templated":true}]}}